{"id":603,"date":"2023-11-06T09:34:40","date_gmt":"2023-11-06T08:34:40","guid":{"rendered":"https:\/\/2pergola.com\/inici\/"},"modified":"2023-11-14T15:31:06","modified_gmt":"2023-11-14T14:31:06","slug":"inici","status":"publish","type":"page","link":"https:\/\/2pergola.com\/ca\/","title":{"rendered":"Inici"},"content":{"rendered":"\t\t<div data-elementor-type=\"wp-page\" data-elementor-id=\"603\" class=\"elementor elementor-603\">\n\t\t\t\t\t\t<section class=\"elementor-section elementor-top-section elementor-element elementor-element-136a7b43 elementor-section-height-full elementor-section-boxed elementor-section-height-default elementor-section-items-middle\" data-id=\"136a7b43\" data-element_type=\"section\" data-settings=\"{&quot;shape_divider_bottom&quot;:&quot;tilt&quot;,&quot;background_background&quot;:&quot;slideshow&quot;,&quot;background_slideshow_gallery&quot;:[{&quot;id&quot;:301,&quot;url&quot;:&quot;https:\\\/\\\/2pergola.com\\\/wp-content\\\/uploads\\\/2023\\\/11\\\/2pergola-6.jpg&quot;},{&quot;id&quot;:305,&quot;url&quot;:&quot;https:\\\/\\\/2pergola.com\\\/wp-content\\\/uploads\\\/2023\\\/11\\\/2pergola-4-e1699462437747.jpg&quot;},{&quot;id&quot;:541,&quot;url&quot;:&quot;https:\\\/\\\/2pergola.com\\\/wp-content\\\/uploads\\\/2023\\\/11\\\/2pergola-2-48.jpg&quot;},{&quot;id&quot;:311,&quot;url&quot;:&quot;https:\\\/\\\/2pergola.com\\\/wp-content\\\/uploads\\\/2023\\\/11\\\/2pergola-1-e1699462455505.jpg&quot;}],&quot;background_slideshow_ken_burns&quot;:&quot;yes&quot;,&quot;background_slideshow_loop&quot;:&quot;yes&quot;,&quot;background_slideshow_slide_duration&quot;:5000,&quot;background_slideshow_slide_transition&quot;:&quot;fade&quot;,&quot;background_slideshow_transition_duration&quot;:500,&quot;background_slideshow_ken_burns_zoom_direction&quot;:&quot;in&quot;}\">\n\t\t\t\t\t<div class=\"elementor-shape elementor-shape-bottom\" data-negative=\"false\">\n\t\t\t<svg xmlns=\"http:\/\/www.w3.org\/2000\/svg\" viewBox=\"0 0 1000 100\" preserveAspectRatio=\"none\">\n\t<path class=\"elementor-shape-fill\" d=\"M0,6V0h1000v100L0,6z\"\/>\n<\/svg>\t\t<\/div>\n\t\t\t\t\t<div class=\"elementor-container elementor-column-gap-no\">\n\t\t\t\t\t<div class=\"elementor-column elementor-col-50 elementor-top-column elementor-element elementor-element-7279e005\" data-id=\"7279e005\" data-element_type=\"column\">\n\t\t\t<div class=\"elementor-widget-wrap\">\n\t\t\t\t\t\t\t<\/div>\n\t\t<\/div>\n\t\t\t\t<div class=\"elementor-column elementor-col-50 elementor-top-column elementor-element elementor-element-289a59a2 elementor-invisible\" data-id=\"289a59a2\" data-element_type=\"column\" data-settings=\"{&quot;animation&quot;:&quot;fadeIn&quot;,&quot;animation_tablet&quot;:&quot;fadeInRight&quot;,&quot;background_background&quot;:&quot;classic&quot;}\">\n\t\t\t<div class=\"elementor-widget-wrap elementor-element-populated\">\n\t\t\t\t\t<div class=\"elementor-background-overlay\"><\/div>\n\t\t\t\t\t\t<div class=\"elementor-element elementor-element-56bfa6c9 elementor-widget elementor-widget-heading\" data-id=\"56bfa6c9\" data-element_type=\"widget\" data-widget_type=\"heading.default\">\n\t\t\t\t<div class=\"elementor-widget-container\">\n\t\t\t\t\t<h1 class=\"elementor-heading-title elementor-size-default\">P\u00c8RGOLES MEDITERR\u00c0NIES AMB ENCANT<\/h1>\t\t\t\t<\/div>\n\t\t\t\t<\/div>\n\t\t\t\t<div class=\"elementor-element elementor-element-5c887e9a elementor-widget elementor-widget-text-editor\" data-id=\"5c887e9a\" data-element_type=\"widget\" data-widget_type=\"text-editor.default\">\n\t\t\t\t<div class=\"elementor-widget-container\">\n\t\t\t\t\t\t\t\t\t<p>Dissenyades per combinar estil i funcionalitat, les nostres estructures creen un ambient encantador i acollidor al teu habitatge, bar o restaurant. D\u00f3na-li vida al teu espai exterior amb una p\u00e8rgola que s&#8217;adapti a les teves necessitats.<\/p>\n\t\t\t\t\t\t\t\t<\/div>\n\t\t\t\t<\/div>\n\t\t\t\t<div class=\"elementor-element elementor-element-2361babe elementor-align-right elementor-mobile-align-left elementor-widget elementor-widget-button\" data-id=\"2361babe\" data-element_type=\"widget\" data-widget_type=\"button.default\">\n\t\t\t\t<div class=\"elementor-widget-container\">\n\t\t\t\t\t\t\t\t\t<div class=\"elementor-button-wrapper\">\n\t\t\t\t\t<a class=\"elementor-button elementor-button-link elementor-size-md elementor-animation-sink\" href=\"https:\/\/2pergola.com\/ca\/pergola-mediterrania\/\">\n\t\t\t\t\t\t<span class=\"elementor-button-content-wrapper\">\n\t\t\t\t\t\t\t\t\t<span class=\"elementor-button-text\">M\u00e9s informaci\u00f3<\/span>\n\t\t\t\t\t<\/span>\n\t\t\t\t\t<\/a>\n\t\t\t\t<\/div>\n\t\t\t\t\t\t\t\t<\/div>\n\t\t\t\t<\/div>\n\t\t\t\t\t<\/div>\n\t\t<\/div>\n\t\t\t\t\t<\/div>\n\t\t<\/section>\n\t\t\t\t<section class=\"elementor-section elementor-top-section elementor-element elementor-element-6340c457 elementor-section-boxed elementor-section-height-default elementor-section-height-default\" data-id=\"6340c457\" data-element_type=\"section\" data-settings=\"{&quot;background_background&quot;:&quot;classic&quot;}\">\n\t\t\t\t\t\t<div class=\"elementor-container elementor-column-gap-no\">\n\t\t\t\t\t<div class=\"elementor-column elementor-col-50 elementor-top-column elementor-element elementor-element-7f577709 elementor-invisible\" data-id=\"7f577709\" data-element_type=\"column\" data-settings=\"{&quot;animation&quot;:&quot;fadeInLeft&quot;,&quot;animation_tablet&quot;:&quot;fadeInLeft&quot;,&quot;animation_mobile&quot;:&quot;fadeInLeft&quot;}\">\n\t\t\t<div class=\"elementor-widget-wrap elementor-element-populated\">\n\t\t\t\t\t\t<div class=\"elementor-element elementor-element-724942b0 elementor-widget elementor-widget-image\" data-id=\"724942b0\" data-element_type=\"widget\" data-widget_type=\"image.default\">\n\t\t\t\t<div class=\"elementor-widget-container\">\n\t\t\t\t\t\t\t\t\t\t\t\t\t\t\t<img fetchpriority=\"high\" decoding=\"async\" width=\"1421\" height=\"1895\" src=\"https:\/\/2pergola.com\/wp-content\/uploads\/2023\/11\/2pergola-8_1.jpg\" class=\"attachment-full size-full wp-image-335\" alt=\"\" srcset=\"https:\/\/2pergola.com\/wp-content\/uploads\/2023\/11\/2pergola-8_1.jpg 1421w, https:\/\/2pergola.com\/wp-content\/uploads\/2023\/11\/2pergola-8_1-225x300.jpg 225w, https:\/\/2pergola.com\/wp-content\/uploads\/2023\/11\/2pergola-8_1-768x1024.jpg 768w, https:\/\/2pergola.com\/wp-content\/uploads\/2023\/11\/2pergola-8_1-1152x1536.jpg 1152w\" sizes=\"(max-width: 1421px) 100vw, 1421px\" \/>\t\t\t\t\t\t\t\t\t\t\t\t\t\t\t<\/div>\n\t\t\t\t<\/div>\n\t\t\t\t<div class=\"elementor-element elementor-element-397e6736 elementor-widget elementor-widget-image\" data-id=\"397e6736\" data-element_type=\"widget\" data-widget_type=\"image.default\">\n\t\t\t\t<div class=\"elementor-widget-container\">\n\t\t\t\t\t\t\t\t\t\t\t\t\t\t\t<img decoding=\"async\" width=\"2745\" height=\"3932\" src=\"https:\/\/2pergola.com\/wp-content\/uploads\/2023\/11\/Rectangle.png\" class=\"attachment-full size-full wp-image-161\" alt=\"\" srcset=\"https:\/\/2pergola.com\/wp-content\/uploads\/2023\/11\/Rectangle.png 2745w, https:\/\/2pergola.com\/wp-content\/uploads\/2023\/11\/Rectangle-209x300.png 209w, https:\/\/2pergola.com\/wp-content\/uploads\/2023\/11\/Rectangle-715x1024.png 715w, https:\/\/2pergola.com\/wp-content\/uploads\/2023\/11\/Rectangle-768x1100.png 768w, https:\/\/2pergola.com\/wp-content\/uploads\/2023\/11\/Rectangle-1072x1536.png 1072w, https:\/\/2pergola.com\/wp-content\/uploads\/2023\/11\/Rectangle-1430x2048.png 1430w\" sizes=\"(max-width: 2745px) 100vw, 2745px\" \/>\t\t\t\t\t\t\t\t\t\t\t\t\t\t\t<\/div>\n\t\t\t\t<\/div>\n\t\t\t\t\t<\/div>\n\t\t<\/div>\n\t\t\t\t<div class=\"elementor-column elementor-col-50 elementor-top-column elementor-element elementor-element-5afb2e95 elementor-invisible\" data-id=\"5afb2e95\" data-element_type=\"column\" data-settings=\"{&quot;animation&quot;:&quot;fadeInRight&quot;,&quot;animation_tablet&quot;:&quot;fadeInRight&quot;,&quot;animation_mobile&quot;:&quot;fadeInRight&quot;}\">\n\t\t\t<div class=\"elementor-widget-wrap elementor-element-populated\">\n\t\t\t\t\t\t<div class=\"elementor-element elementor-element-6e34f7ed elementor-widget elementor-widget-heading\" data-id=\"6e34f7ed\" data-element_type=\"widget\" data-widget_type=\"heading.default\">\n\t\t\t\t<div class=\"elementor-widget-container\">\n\t\t\t\t\t<h4 class=\"elementor-heading-title elementor-size-default\">TO PERGOLA<\/h4>\t\t\t\t<\/div>\n\t\t\t\t<\/div>\n\t\t\t\t<div class=\"elementor-element elementor-element-6d4d04e6 elementor-widget elementor-widget-heading\" data-id=\"6d4d04e6\" data-element_type=\"widget\" data-widget_type=\"heading.default\">\n\t\t\t\t<div class=\"elementor-widget-container\">\n\t\t\t\t\t<h2 class=\"elementor-heading-title elementor-size-default\">Benvingut a 2pergola, el lloc on creem la p\u00e8rgola dels teus somnis. Endinsa't en un m\u00f3n de bellesa, encant i serenitat dins de la teva pr\u00f2pia terrassa.<\/h2>\t\t\t\t<\/div>\n\t\t\t\t<\/div>\n\t\t\t\t<div class=\"elementor-element elementor-element-2cff386f elementor-widget elementor-widget-text-editor\" data-id=\"2cff386f\" data-element_type=\"widget\" data-widget_type=\"text-editor.default\">\n\t\t\t\t<div class=\"elementor-widget-container\">\n\t\t\t\t\t\t\t\t\t<p>A 2pergola, dissenyem i constru\u00efm p\u00e8rgoles amb estil mediterrani que s&#8217;adapten tant a entorns privats com a espais hostalers, com ara bars, restaurants i altres establiments. El nostre enfocament vers\u00e0til ens permet crear p\u00e8rgoles que s&#8217;integrin perfectament en qualsevol ambient, brindant tant a propietaris d&#8217;habitatges com a propietaris de negocis una soluci\u00f3 ideal per aprofitar al m\u00e0xim els espais a l&#8217;aire lliure.<\/p>\n<p>Som m\u00e9s que constructors de p\u00e8rgoles. Som els narradors d&#8217;hist\u00f2ries, artesans d&#8217;emocions i creadors d&#8217;il\u00b7lusions. Ens apassiona convertir els teus desitjos en estructures captivadores que transformen els teus espais a l&#8217;aire lliure en veritables tresors mediterranis.<\/p>\n\t\t\t\t\t\t\t\t<\/div>\n\t\t\t\t<\/div>\n\t\t\t\t\t<\/div>\n\t\t<\/div>\n\t\t\t\t\t<\/div>\n\t\t<\/section>\n\t\t\t\t<section class=\"elementor-section elementor-top-section elementor-element elementor-element-4e95905 elementor-section-boxed elementor-section-height-default elementor-section-height-default\" data-id=\"4e95905\" data-element_type=\"section\" data-settings=\"{&quot;background_background&quot;:&quot;classic&quot;,&quot;shape_divider_top&quot;:&quot;tilt&quot;,&quot;shape_divider_bottom&quot;:&quot;tilt&quot;}\">\n\t\t\t\t\t\t\t<div class=\"elementor-background-overlay\"><\/div>\n\t\t\t\t\t\t<div class=\"elementor-shape elementor-shape-top\" data-negative=\"false\">\n\t\t\t<svg xmlns=\"http:\/\/www.w3.org\/2000\/svg\" viewBox=\"0 0 1000 100\" preserveAspectRatio=\"none\">\n\t<path class=\"elementor-shape-fill\" d=\"M0,6V0h1000v100L0,6z\"\/>\n<\/svg>\t\t<\/div>\n\t\t\t\t<div class=\"elementor-shape elementor-shape-bottom\" data-negative=\"false\">\n\t\t\t<svg xmlns=\"http:\/\/www.w3.org\/2000\/svg\" viewBox=\"0 0 1000 100\" preserveAspectRatio=\"none\">\n\t<path class=\"elementor-shape-fill\" d=\"M0,6V0h1000v100L0,6z\"\/>\n<\/svg>\t\t<\/div>\n\t\t\t\t\t<div class=\"elementor-container elementor-column-gap-no\">\n\t\t\t\t\t<div class=\"elementor-column elementor-col-100 elementor-top-column elementor-element elementor-element-4ac202fc\" data-id=\"4ac202fc\" data-element_type=\"column\">\n\t\t\t<div class=\"elementor-widget-wrap elementor-element-populated\">\n\t\t\t\t\t\t<section class=\"elementor-section elementor-inner-section elementor-element elementor-element-10a47b6a elementor-section-full_width elementor-section-height-default elementor-section-height-default elementor-invisible\" data-id=\"10a47b6a\" data-element_type=\"section\" data-settings=\"{&quot;animation&quot;:&quot;fadeInUp&quot;,&quot;animation_mobile&quot;:&quot;fadeIn&quot;}\">\n\t\t\t\t\t\t<div class=\"elementor-container elementor-column-gap-no\">\n\t\t\t\t\t<div class=\"elementor-column elementor-col-50 elementor-inner-column elementor-element elementor-element-42efaa7\" data-id=\"42efaa7\" data-element_type=\"column\">\n\t\t\t<div class=\"elementor-widget-wrap elementor-element-populated\">\n\t\t\t\t\t\t<div class=\"elementor-element elementor-element-2bf479c5 elementor-widget elementor-widget-heading\" data-id=\"2bf479c5\" data-element_type=\"widget\" data-widget_type=\"heading.default\">\n\t\t\t\t<div class=\"elementor-widget-container\">\n\t\t\t\t\t<h2 class=\"elementor-heading-title elementor-size-default\">P\u00e8rgoles.<\/h2>\t\t\t\t<\/div>\n\t\t\t\t<\/div>\n\t\t\t\t<div class=\"elementor-element elementor-element-4a93a569 elementor-widget elementor-widget-text-editor\" data-id=\"4a93a569\" data-element_type=\"widget\" data-widget_type=\"text-editor.default\">\n\t\t\t\t<div class=\"elementor-widget-container\">\n\t\t\t\t\t\t\t\t\t<p>T&#8217;imagines gaudint de les llargues tardes d&#8217;estiu, sota l&#8217;ombra protectora d&#8217;una p\u00e8rgola dissenyada especialment per a tu? Podem fer-ho realitat.<\/p>\n\t\t\t\t\t\t\t\t<\/div>\n\t\t\t\t<\/div>\n\t\t\t\t\t<\/div>\n\t\t<\/div>\n\t\t\t\t<div class=\"elementor-column elementor-col-50 elementor-inner-column elementor-element elementor-element-30f93791\" data-id=\"30f93791\" data-element_type=\"column\">\n\t\t\t<div class=\"elementor-widget-wrap\">\n\t\t\t\t\t\t\t<\/div>\n\t\t<\/div>\n\t\t\t\t\t<\/div>\n\t\t<\/section>\n\t\t\t\t<div class=\"elementor-element elementor-element-4aa07d42 elementor-align-center elementor-invisible elementor-widget elementor-widget-button\" data-id=\"4aa07d42\" data-element_type=\"widget\" data-settings=\"{&quot;_animation&quot;:&quot;fadeInUp&quot;}\" data-widget_type=\"button.default\">\n\t\t\t\t<div class=\"elementor-widget-container\">\n\t\t\t\t\t\t\t\t\t<div class=\"elementor-button-wrapper\">\n\t\t\t\t\t<a class=\"elementor-button elementor-button-link elementor-size-md elementor-animation-sink\" href=\"https:\/\/2pergola.com\/ca\/serveis\/\">\n\t\t\t\t\t\t<span class=\"elementor-button-content-wrapper\">\n\t\t\t\t\t\t\t\t\t<span class=\"elementor-button-text\">Veure els serveis<\/span>\n\t\t\t\t\t<\/span>\n\t\t\t\t\t<\/a>\n\t\t\t\t<\/div>\n\t\t\t\t\t\t\t\t<\/div>\n\t\t\t\t<\/div>\n\t\t\t\t\t<\/div>\n\t\t<\/div>\n\t\t\t\t\t<\/div>\n\t\t<\/section>\n\t\t\t\t<section class=\"elementor-section elementor-top-section elementor-element elementor-element-2dbb74a5 elementor-section-boxed elementor-section-height-default elementor-section-height-default\" data-id=\"2dbb74a5\" data-element_type=\"section\">\n\t\t\t\t\t\t<div class=\"elementor-container elementor-column-gap-no\">\n\t\t\t\t\t<div class=\"elementor-column elementor-col-100 elementor-top-column elementor-element elementor-element-328e6d13 elementor-invisible\" data-id=\"328e6d13\" data-element_type=\"column\" data-settings=\"{&quot;animation&quot;:&quot;fadeInLeft&quot;,&quot;animation_tablet&quot;:&quot;fadeInLeft&quot;,&quot;animation_mobile&quot;:&quot;fadeInLeft&quot;}\">\n\t\t\t<div class=\"elementor-widget-wrap\">\n\t\t\t\t\t\t\t<\/div>\n\t\t<\/div>\n\t\t\t\t\t<\/div>\n\t\t<\/section>\n\t\t\t\t<section class=\"elementor-section elementor-top-section elementor-element elementor-element-c51ec8a elementor-section-boxed elementor-section-height-default elementor-section-height-default\" data-id=\"c51ec8a\" data-element_type=\"section\" data-settings=\"{&quot;background_background&quot;:&quot;classic&quot;,&quot;shape_divider_top&quot;:&quot;tilt&quot;}\">\n\t\t\t\t\t\t\t<div class=\"elementor-background-overlay\"><\/div>\n\t\t\t\t\t\t<div class=\"elementor-shape elementor-shape-top\" data-negative=\"false\">\n\t\t\t<svg xmlns=\"http:\/\/www.w3.org\/2000\/svg\" viewBox=\"0 0 1000 100\" preserveAspectRatio=\"none\">\n\t<path class=\"elementor-shape-fill\" d=\"M0,6V0h1000v100L0,6z\"\/>\n<\/svg>\t\t<\/div>\n\t\t\t\t\t<div class=\"elementor-container elementor-column-gap-no\">\n\t\t\t\t\t<div class=\"elementor-column elementor-col-100 elementor-top-column elementor-element elementor-element-28e4d1b8\" data-id=\"28e4d1b8\" data-element_type=\"column\">\n\t\t\t<div class=\"elementor-widget-wrap elementor-element-populated\">\n\t\t\t\t\t\t<section class=\"elementor-section elementor-inner-section elementor-element elementor-element-1ac9e8c8 elementor-section-boxed elementor-section-height-default elementor-section-height-default\" data-id=\"1ac9e8c8\" data-element_type=\"section\">\n\t\t\t\t\t\t<div class=\"elementor-container elementor-column-gap-no\">\n\t\t\t\t\t<div class=\"elementor-column elementor-col-100 elementor-inner-column elementor-element elementor-element-287c9719\" data-id=\"287c9719\" data-element_type=\"column\">\n\t\t\t<div class=\"elementor-widget-wrap elementor-element-populated\">\n\t\t\t\t\t\t<div class=\"elementor-element elementor-element-203842a5 elementor-widget elementor-widget-heading\" data-id=\"203842a5\" data-element_type=\"widget\" data-widget_type=\"heading.default\">\n\t\t\t\t<div class=\"elementor-widget-container\">\n\t\t\t\t\t<h2 class=\"elementor-heading-title elementor-size-default\">Som el teu soci de confian\u00e7a en la transformaci\u00f3 dels teus espais a l'aire lliure<\/h2>\t\t\t\t<\/div>\n\t\t\t\t<\/div>\n\t\t\t\t<div class=\"elementor-element elementor-element-41ca9bc5 elementor-align-center elementor-widget elementor-widget-button\" data-id=\"41ca9bc5\" data-element_type=\"widget\" data-widget_type=\"button.default\">\n\t\t\t\t<div class=\"elementor-widget-container\">\n\t\t\t\t\t\t\t\t\t<div class=\"elementor-button-wrapper\">\n\t\t\t\t\t<a class=\"elementor-button elementor-button-link elementor-size-sm elementor-animation-sink\" href=\"https:\/\/2pergola.com\/ca\/contacte\/\">\n\t\t\t\t\t\t<span class=\"elementor-button-content-wrapper\">\n\t\t\t\t\t\t\t\t\t<span class=\"elementor-button-text\">Contacta'ns<\/span>\n\t\t\t\t\t<\/span>\n\t\t\t\t\t<\/a>\n\t\t\t\t<\/div>\n\t\t\t\t\t\t\t\t<\/div>\n\t\t\t\t<\/div>\n\t\t\t\t\t<\/div>\n\t\t<\/div>\n\t\t\t\t\t<\/div>\n\t\t<\/section>\n\t\t\t\t\t<\/div>\n\t\t<\/div>\n\t\t\t\t\t<\/div>\n\t\t<\/section>\n\t\t\t\t<\/div>\n\t\t","protected":false},"excerpt":{"rendered":"<p>P\u00c8RGOLES MEDITERR\u00c0NIES AMB ENCANT Dissenyades per combinar estil i funcionalitat, les nostres estructures creen un ambient encantador i acollidor al teu habitatge, bar o restaurant. D\u00f3na-li vida al teu espai exterior amb una p\u00e8rgola que s&#8217;adapti a les teves necessitats. M\u00e9s informaci\u00f3 TO PERGOLA Benvingut a 2pergola, el lloc on creem la p\u00e8rgola dels teus [&hellip;]<\/p>\n","protected":false},"author":2,"featured_media":0,"parent":0,"menu_order":0,"comment_status":"closed","ping_status":"closed","template":"elementor_header_footer","meta":{"footnotes":""},"yoast_head":"<!-- This site is optimized with the Yoast SEO plugin v22.6 - https:\/\/yoast.com\/wordpress\/plugins\/seo\/ -->\n<title>- 2pergola<\/title>\n<meta name=\"robots\" content=\"index, follow, max-snippet:-1, max-image-preview:large, max-video-preview:-1\" \/>\n<link rel=\"canonical\" href=\"https:\/\/2pergola.com\/ca\/inici\/\" \/>\n<meta property=\"og:locale\" content=\"ca_ES\" \/>\n<meta property=\"og:type\" content=\"article\" \/>\n<meta property=\"og:title\" content=\"- 2pergola\" \/>\n<meta property=\"og:description\" content=\"P\u00c8RGOLES MEDITERR\u00c0NIES AMB ENCANT Dissenyades per combinar estil i funcionalitat, les nostres estructures creen un ambient encantador i acollidor al teu habitatge, bar o restaurant. D\u00f3na-li vida al teu espai exterior amb una p\u00e8rgola que s&#8217;adapti a les teves necessitats. M\u00e9s informaci\u00f3 TO PERGOLA Benvingut a 2pergola, el lloc on creem la p\u00e8rgola dels teus [&hellip;]\" \/>\n<meta property=\"og:url\" content=\"https:\/\/2pergola.com\/ca\/inici\/\" \/>\n<meta property=\"og:site_name\" content=\"2pergola\" \/>\n<meta property=\"article:modified_time\" content=\"2023-11-14T14:31:06+00:00\" \/>\n<meta property=\"og:image\" content=\"https:\/\/2pergola.com\/wp-content\/uploads\/2023\/11\/2pergola-8_1.jpg\" \/>\n<meta name=\"twitter:card\" content=\"summary_large_image\" \/>\n<meta name=\"twitter:label1\" content=\"Temps estimat de lectura\" \/>\n\t<meta name=\"twitter:data1\" content=\"1 minut\" \/>\n<script type=\"application\/ld+json\" class=\"yoast-schema-graph\">{\"@context\":\"https:\/\/schema.org\",\"@graph\":[{\"@type\":\"WebPage\",\"@id\":\"https:\/\/2pergola.com\/ca\/inici\/\",\"url\":\"https:\/\/2pergola.com\/ca\/inici\/\",\"name\":\"- 2pergola\",\"isPartOf\":{\"@id\":\"https:\/\/2pergola.com\/#website\"},\"primaryImageOfPage\":{\"@id\":\"https:\/\/2pergola.com\/ca\/inici\/#primaryimage\"},\"image\":{\"@id\":\"https:\/\/2pergola.com\/ca\/inici\/#primaryimage\"},\"thumbnailUrl\":\"https:\/\/2pergola.com\/wp-content\/uploads\/2023\/11\/2pergola-8_1.jpg\",\"datePublished\":\"2023-11-06T08:34:40+00:00\",\"dateModified\":\"2023-11-14T14:31:06+00:00\",\"breadcrumb\":{\"@id\":\"https:\/\/2pergola.com\/ca\/inici\/#breadcrumb\"},\"inLanguage\":\"ca\",\"potentialAction\":[{\"@type\":\"ReadAction\",\"target\":[\"https:\/\/2pergola.com\/ca\/inici\/\"]}]},{\"@type\":\"ImageObject\",\"inLanguage\":\"ca\",\"@id\":\"https:\/\/2pergola.com\/ca\/inici\/#primaryimage\",\"url\":\"https:\/\/2pergola.com\/wp-content\/uploads\/2023\/11\/2pergola-8_1.jpg\",\"contentUrl\":\"https:\/\/2pergola.com\/wp-content\/uploads\/2023\/11\/2pergola-8_1.jpg\"},{\"@type\":\"BreadcrumbList\",\"@id\":\"https:\/\/2pergola.com\/ca\/inici\/#breadcrumb\",\"itemListElement\":[{\"@type\":\"ListItem\",\"position\":1,\"name\":\"Portada\",\"item\":\"https:\/\/2pergola.com\/ca\/inici\/\"},{\"@type\":\"ListItem\",\"position\":2,\"name\":\"Inici\"}]},{\"@type\":\"WebSite\",\"@id\":\"https:\/\/2pergola.com\/#website\",\"url\":\"https:\/\/2pergola.com\/\",\"name\":\"2pergola\",\"description\":\"Construcci\u00f3n p\u00e9rgolas en Blanes\",\"publisher\":{\"@id\":\"https:\/\/2pergola.com\/#organization\"},\"potentialAction\":[{\"@type\":\"SearchAction\",\"target\":{\"@type\":\"EntryPoint\",\"urlTemplate\":\"https:\/\/2pergola.com\/?s={search_term_string}\"},\"query-input\":\"required name=search_term_string\"}],\"inLanguage\":\"ca\"},{\"@type\":\"Organization\",\"@id\":\"https:\/\/2pergola.com\/#organization\",\"name\":\"2pergola\",\"url\":\"https:\/\/2pergola.com\/\",\"logo\":{\"@type\":\"ImageObject\",\"inLanguage\":\"ca\",\"@id\":\"https:\/\/2pergola.com\/#\/schema\/logo\/image\/\",\"url\":\"https:\/\/2pergola.com\/wp-content\/uploads\/2023\/11\/2pergola-logo.png\",\"contentUrl\":\"https:\/\/2pergola.com\/wp-content\/uploads\/2023\/11\/2pergola-logo.png\",\"width\":4510,\"height\":1527,\"caption\":\"2pergola\"},\"image\":{\"@id\":\"https:\/\/2pergola.com\/#\/schema\/logo\/image\/\"}}]}<\/script>\n<!-- \/ Yoast SEO plugin. -->","yoast_head_json":{"title":"- 2pergola","robots":{"index":"index","follow":"follow","max-snippet":"max-snippet:-1","max-image-preview":"max-image-preview:large","max-video-preview":"max-video-preview:-1"},"canonical":"https:\/\/2pergola.com\/ca\/inici\/","og_locale":"ca_ES","og_type":"article","og_title":"- 2pergola","og_description":"P\u00c8RGOLES MEDITERR\u00c0NIES AMB ENCANT Dissenyades per combinar estil i funcionalitat, les nostres estructures creen un ambient encantador i acollidor al teu habitatge, bar o restaurant. D\u00f3na-li vida al teu espai exterior amb una p\u00e8rgola que s&#8217;adapti a les teves necessitats. M\u00e9s informaci\u00f3 TO PERGOLA Benvingut a 2pergola, el lloc on creem la p\u00e8rgola dels teus [&hellip;]","og_url":"https:\/\/2pergola.com\/ca\/inici\/","og_site_name":"2pergola","article_modified_time":"2023-11-14T14:31:06+00:00","og_image":[{"url":"https:\/\/2pergola.com\/wp-content\/uploads\/2023\/11\/2pergola-8_1.jpg"}],"twitter_card":"summary_large_image","twitter_misc":{"Temps estimat de lectura":"1 minut"},"schema":{"@context":"https:\/\/schema.org","@graph":[{"@type":"WebPage","@id":"https:\/\/2pergola.com\/ca\/inici\/","url":"https:\/\/2pergola.com\/ca\/inici\/","name":"- 2pergola","isPartOf":{"@id":"https:\/\/2pergola.com\/#website"},"primaryImageOfPage":{"@id":"https:\/\/2pergola.com\/ca\/inici\/#primaryimage"},"image":{"@id":"https:\/\/2pergola.com\/ca\/inici\/#primaryimage"},"thumbnailUrl":"https:\/\/2pergola.com\/wp-content\/uploads\/2023\/11\/2pergola-8_1.jpg","datePublished":"2023-11-06T08:34:40+00:00","dateModified":"2023-11-14T14:31:06+00:00","breadcrumb":{"@id":"https:\/\/2pergola.com\/ca\/inici\/#breadcrumb"},"inLanguage":"ca","potentialAction":[{"@type":"ReadAction","target":["https:\/\/2pergola.com\/ca\/inici\/"]}]},{"@type":"ImageObject","inLanguage":"ca","@id":"https:\/\/2pergola.com\/ca\/inici\/#primaryimage","url":"https:\/\/2pergola.com\/wp-content\/uploads\/2023\/11\/2pergola-8_1.jpg","contentUrl":"https:\/\/2pergola.com\/wp-content\/uploads\/2023\/11\/2pergola-8_1.jpg"},{"@type":"BreadcrumbList","@id":"https:\/\/2pergola.com\/ca\/inici\/#breadcrumb","itemListElement":[{"@type":"ListItem","position":1,"name":"Portada","item":"https:\/\/2pergola.com\/ca\/inici\/"},{"@type":"ListItem","position":2,"name":"Inici"}]},{"@type":"WebSite","@id":"https:\/\/2pergola.com\/#website","url":"https:\/\/2pergola.com\/","name":"2pergola","description":"Construcci\u00f3n p\u00e9rgolas en Blanes","publisher":{"@id":"https:\/\/2pergola.com\/#organization"},"potentialAction":[{"@type":"SearchAction","target":{"@type":"EntryPoint","urlTemplate":"https:\/\/2pergola.com\/?s={search_term_string}"},"query-input":"required name=search_term_string"}],"inLanguage":"ca"},{"@type":"Organization","@id":"https:\/\/2pergola.com\/#organization","name":"2pergola","url":"https:\/\/2pergola.com\/","logo":{"@type":"ImageObject","inLanguage":"ca","@id":"https:\/\/2pergola.com\/#\/schema\/logo\/image\/","url":"https:\/\/2pergola.com\/wp-content\/uploads\/2023\/11\/2pergola-logo.png","contentUrl":"https:\/\/2pergola.com\/wp-content\/uploads\/2023\/11\/2pergola-logo.png","width":4510,"height":1527,"caption":"2pergola"},"image":{"@id":"https:\/\/2pergola.com\/#\/schema\/logo\/image\/"}}]}},"_links":{"self":[{"href":"https:\/\/2pergola.com\/ca\/wp-json\/wp\/v2\/pages\/603"}],"collection":[{"href":"https:\/\/2pergola.com\/ca\/wp-json\/wp\/v2\/pages"}],"about":[{"href":"https:\/\/2pergola.com\/ca\/wp-json\/wp\/v2\/types\/page"}],"author":[{"embeddable":true,"href":"https:\/\/2pergola.com\/ca\/wp-json\/wp\/v2\/users\/2"}],"replies":[{"embeddable":true,"href":"https:\/\/2pergola.com\/ca\/wp-json\/wp\/v2\/comments?post=603"}],"version-history":[{"count":6,"href":"https:\/\/2pergola.com\/ca\/wp-json\/wp\/v2\/pages\/603\/revisions"}],"predecessor-version":[{"id":730,"href":"https:\/\/2pergola.com\/ca\/wp-json\/wp\/v2\/pages\/603\/revisions\/730"}],"wp:attachment":[{"href":"https:\/\/2pergola.com\/ca\/wp-json\/wp\/v2\/media?parent=603"}],"curies":[{"name":"wp","href":"https:\/\/api.w.org\/{rel}","templated":true}]}}