{"id":595,"date":"2023-11-08T15:51:49","date_gmt":"2023-11-08T14:51:49","guid":{"rendered":"https:\/\/2pergola.com\/contacte\/"},"modified":"2023-11-13T14:16:01","modified_gmt":"2023-11-13T13:16:01","slug":"contacte","status":"publish","type":"page","link":"https:\/\/2pergola.com\/ca\/contacte\/","title":{"rendered":"Contacte"},"content":{"rendered":"\t\t<div data-elementor-type=\"wp-page\" data-elementor-id=\"595\" class=\"elementor elementor-595\">\n\t\t\t\t\t\t<section class=\"elementor-section elementor-top-section elementor-element elementor-element-5c023576 elementor-section-boxed elementor-section-height-default elementor-section-height-default\" data-id=\"5c023576\" data-element_type=\"section\" data-settings=\"{&quot;background_background&quot;:&quot;classic&quot;,&quot;shape_divider_bottom&quot;:&quot;tilt&quot;}\">\n\t\t\t\t\t\t\t<div class=\"elementor-background-overlay\"><\/div>\n\t\t\t\t\t\t<div class=\"elementor-shape elementor-shape-bottom\" data-negative=\"false\">\n\t\t\t<svg xmlns=\"http:\/\/www.w3.org\/2000\/svg\" viewBox=\"0 0 1000 100\" preserveAspectRatio=\"none\">\n\t<path class=\"elementor-shape-fill\" d=\"M0,6V0h1000v100L0,6z\"\/>\n<\/svg>\t\t<\/div>\n\t\t\t\t\t<div class=\"elementor-container elementor-column-gap-default\">\n\t\t\t\t\t<div class=\"elementor-column elementor-col-100 elementor-top-column elementor-element elementor-element-239c8bbb\" data-id=\"239c8bbb\" data-element_type=\"column\">\n\t\t\t<div class=\"elementor-widget-wrap elementor-element-populated\">\n\t\t\t\t\t\t<div class=\"elementor-element elementor-element-cbf6893 elementor-widget elementor-widget-heading\" data-id=\"cbf6893\" data-element_type=\"widget\" data-widget_type=\"heading.default\">\n\t\t\t\t<div class=\"elementor-widget-container\">\n\t\t\t\t\t<h1 class=\"elementor-heading-title elementor-size-default\">Contacte.<\/h1>\t\t\t\t<\/div>\n\t\t\t\t<\/div>\n\t\t\t\t\t<\/div>\n\t\t<\/div>\n\t\t\t\t\t<\/div>\n\t\t<\/section>\n\t\t\t\t<section class=\"elementor-section elementor-top-section elementor-element elementor-element-fa2286c elementor-section-boxed elementor-section-height-default elementor-section-height-default\" data-id=\"fa2286c\" data-element_type=\"section\" data-settings=\"{&quot;background_background&quot;:&quot;classic&quot;}\">\n\t\t\t\t\t\t<div class=\"elementor-container elementor-column-gap-no\">\n\t\t\t\t\t<div class=\"elementor-column elementor-col-50 elementor-top-column elementor-element elementor-element-7afdb73e\" data-id=\"7afdb73e\" data-element_type=\"column\">\n\t\t\t<div class=\"elementor-widget-wrap elementor-element-populated\">\n\t\t\t\t\t\t<div class=\"elementor-element elementor-element-762cb06c elementor-widget elementor-widget-heading\" data-id=\"762cb06c\" data-element_type=\"widget\" data-widget_type=\"heading.default\">\n\t\t\t\t<div class=\"elementor-widget-container\">\n\t\t\t\t\t<h3 class=\"elementor-heading-title elementor-size-default\">Contacta'ns<\/h3>\t\t\t\t<\/div>\n\t\t\t\t<\/div>\n\t\t\t\t<div class=\"elementor-element elementor-element-30aff036 elementor-widget elementor-widget-heading\" data-id=\"30aff036\" data-element_type=\"widget\" data-widget_type=\"heading.default\">\n\t\t\t\t<div class=\"elementor-widget-container\">\n\t\t\t\t\t<h2 class=\"elementor-heading-title elementor-size-default\">Explica'ns el teu somni<\/h2>\t\t\t\t<\/div>\n\t\t\t\t<\/div>\n\t\t\t\t<div class=\"elementor-element elementor-element-411b6cb elementor-widget elementor-widget-text-editor\" data-id=\"411b6cb\" data-element_type=\"widget\" data-widget_type=\"text-editor.default\">\n\t\t\t\t<div class=\"elementor-widget-container\">\n\t\t\t\t\t\t\t\t\t<p>Ens encantaria tenir l&#8217;oportunitat de treballar amb tu i ajudar-te a crear la p\u00e8rgola o el tancament perfecte per a les teves necessitats. Contacta amb nosaltres avui mateix i deixa&#8217;ns ser el teu soci de confian\u00e7a en la transformaci\u00f3 dels teus espais a l&#8217;aire lliure!<\/p>\n\t\t\t\t\t\t\t\t<\/div>\n\t\t\t\t<\/div>\n\t\t\t\t<div class=\"elementor-element elementor-element-435e2c5 elementor-widget elementor-widget-text-editor\" data-id=\"435e2c5\" data-element_type=\"widget\" data-widget_type=\"text-editor.default\">\n\t\t\t\t<div class=\"elementor-widget-container\">\n\t\t\t\t\t\t\t\t\t<p>Informaci\u00f3 b\u00e0sica sobre protecci\u00f3 de dades<br \/>\u2013 Responsable: Inversions Mir S.L.:<br \/>&#8211; Finalitat: gestionar l&#8217;enviament d&#8217;informaci\u00f3 i prospecci\u00f3 comercial.<br \/>\u2013 Legitimaci\u00f3: El consentiment de l&#8217;interessat<br \/>\u2013 Destinataris: Inversions Mir S.L.<br \/>\u2013 Drets: Accedir, rectificar i suprimir les dades, aix\u00ed com altres drets, com s&#8217;explica a la informaci\u00f3 addicional.<br \/>\u2013 Informaci\u00f3 addicional: Podeu consultar la informaci\u00f3 addicional i detallada sobre Protecci\u00f3 de Dades a la nostra p\u00e0gina web: <a href=\"https:\/\/2pergola.com\/politica-de-privacidad\/\" rel=\"nofollow\">Pol\u00edtica de Privadesa<\/a><\/p>\n\t\t\t\t\t\t\t\t<\/div>\n\t\t\t\t<\/div>\n\t\t\t\t\t<\/div>\n\t\t<\/div>\n\t\t\t\t<div class=\"elementor-column elementor-col-50 elementor-top-column elementor-element elementor-element-b58c749\" data-id=\"b58c749\" data-element_type=\"column\">\n\t\t\t<div class=\"elementor-widget-wrap elementor-element-populated\">\n\t\t\t\t\t\t<div class=\"elementor-element elementor-element-5b5d325b elementor-widget elementor-widget-heading\" data-id=\"5b5d325b\" data-element_type=\"widget\" data-widget_type=\"heading.default\">\n\t\t\t\t<div class=\"elementor-widget-container\">\n\t\t\t\t\t<h3 class=\"elementor-heading-title elementor-size-default\">Adre\u00e7a<\/h3>\t\t\t\t<\/div>\n\t\t\t\t<\/div>\n\t\t\t\t<div class=\"elementor-element elementor-element-557d7c82 elementor-widget elementor-widget-text-editor\" data-id=\"557d7c82\" data-element_type=\"widget\" data-widget_type=\"text-editor.default\">\n\t\t\t\t<div class=\"elementor-widget-container\">\n\t\t\t\t\t\t\t\t\t<p>Maresme, 1<br \/>17300 Blanes, Girona<\/p>\n\t\t\t\t\t\t\t\t<\/div>\n\t\t\t\t<\/div>\n\t\t\t\t<div class=\"elementor-element elementor-element-19e117ec elementor-widget-divider--view-line elementor-widget elementor-widget-divider\" data-id=\"19e117ec\" data-element_type=\"widget\" data-widget_type=\"divider.default\">\n\t\t\t\t<div class=\"elementor-widget-container\">\n\t\t\t\t\t\t\t<div class=\"elementor-divider\">\n\t\t\t<span class=\"elementor-divider-separator\">\n\t\t\t\t\t\t<\/span>\n\t\t<\/div>\n\t\t\t\t\t\t<\/div>\n\t\t\t\t<\/div>\n\t\t\t\t<section class=\"elementor-section elementor-inner-section elementor-element elementor-element-1b32ae67 elementor-section-boxed elementor-section-height-default elementor-section-height-default\" data-id=\"1b32ae67\" data-element_type=\"section\">\n\t\t\t\t\t\t<div class=\"elementor-container elementor-column-gap-no\">\n\t\t\t\t\t<div class=\"elementor-column elementor-col-100 elementor-inner-column elementor-element elementor-element-23167515\" data-id=\"23167515\" data-element_type=\"column\">\n\t\t\t<div class=\"elementor-widget-wrap elementor-element-populated\">\n\t\t\t\t\t\t<div class=\"elementor-element elementor-element-3ed6a61f elementor-widget elementor-widget-heading\" data-id=\"3ed6a61f\" data-element_type=\"widget\" data-widget_type=\"heading.default\">\n\t\t\t\t<div class=\"elementor-widget-container\">\n\t\t\t\t\t<h3 class=\"elementor-heading-title elementor-size-default\">Tel\u00e8fon<\/h3>\t\t\t\t<\/div>\n\t\t\t\t<\/div>\n\t\t\t\t<div class=\"elementor-element elementor-element-698f689d elementor-widget elementor-widget-text-editor\" data-id=\"698f689d\" data-element_type=\"widget\" data-widget_type=\"text-editor.default\">\n\t\t\t\t<div class=\"elementor-widget-container\">\n\t\t\t\t\t\t\t\t\t<p>(+34) 972 337 562<\/p>\n\t\t\t\t\t\t\t\t<\/div>\n\t\t\t\t<\/div>\n\t\t\t\t<div class=\"elementor-element elementor-element-42296c98 elementor-widget-divider--view-line elementor-widget elementor-widget-divider\" data-id=\"42296c98\" data-element_type=\"widget\" data-widget_type=\"divider.default\">\n\t\t\t\t<div class=\"elementor-widget-container\">\n\t\t\t\t\t\t\t<div class=\"elementor-divider\">\n\t\t\t<span class=\"elementor-divider-separator\">\n\t\t\t\t\t\t<\/span>\n\t\t<\/div>\n\t\t\t\t\t\t<\/div>\n\t\t\t\t<\/div>\n\t\t\t\t<div class=\"elementor-element elementor-element-81b8fb5 elementor-widget elementor-widget-heading\" data-id=\"81b8fb5\" data-element_type=\"widget\" data-widget_type=\"heading.default\">\n\t\t\t\t<div class=\"elementor-widget-container\">\n\t\t\t\t\t<h3 class=\"elementor-heading-title elementor-size-default\">Correu<\/h3>\t\t\t\t<\/div>\n\t\t\t\t<\/div>\n\t\t\t\t<div class=\"elementor-element elementor-element-1047c76f elementor-widget elementor-widget-text-editor\" data-id=\"1047c76f\" data-element_type=\"widget\" data-widget_type=\"text-editor.default\">\n\t\t\t\t<div class=\"elementor-widget-container\">\n\t\t\t\t\t\t\t\t\t<p>info@2pergola.com<\/p>\n\t\t\t\t\t\t\t\t<\/div>\n\t\t\t\t<\/div>\n\t\t\t\t\t<\/div>\n\t\t<\/div>\n\t\t\t\t\t<\/div>\n\t\t<\/section>\n\t\t\t\t\t<\/div>\n\t\t<\/div>\n\t\t\t\t\t<\/div>\n\t\t<\/section>\n\t\t\t\t<section class=\"elementor-section elementor-top-section elementor-element elementor-element-63991dc0 elementor-section-full_width elementor-section-height-default elementor-section-height-default\" data-id=\"63991dc0\" data-element_type=\"section\">\n\t\t\t\t\t\t<div class=\"elementor-container elementor-column-gap-no\">\n\t\t\t\t\t<div class=\"elementor-column elementor-col-100 elementor-top-column elementor-element elementor-element-7259781f\" data-id=\"7259781f\" data-element_type=\"column\">\n\t\t\t<div class=\"elementor-widget-wrap elementor-element-populated\">\n\t\t\t\t\t\t<div class=\"elementor-element elementor-element-6765c627 elementor-widget elementor-widget-google_maps\" data-id=\"6765c627\" data-element_type=\"widget\" data-widget_type=\"google_maps.default\">\n\t\t\t\t<div class=\"elementor-widget-container\">\n\t\t\t\t\t\t\t<div class=\"elementor-custom-embed\">\n\t\t\t<iframe loading=\"lazy\"\n\t\t\t\t\tsrc=\"https:\/\/maps.google.com\/maps?q=Maresme%2C%201%2017300%20Blanes%2C%20Girona&#038;t=m&#038;z=18&#038;output=embed&#038;iwloc=near\"\n\t\t\t\t\ttitle=\"Maresme, 1 17300 Blanes, Girona\"\n\t\t\t\t\taria-label=\"Maresme, 1 17300 Blanes, Girona\"\n\t\t\t><\/iframe>\n\t\t<\/div>\n\t\t\t\t\t\t<\/div>\n\t\t\t\t<\/div>\n\t\t\t\t\t<\/div>\n\t\t<\/div>\n\t\t\t\t\t<\/div>\n\t\t<\/section>\n\t\t\t\t<\/div>\n\t\t","protected":false},"excerpt":{"rendered":"<p>Contacte. Contacta&#8217;ns Explica&#8217;ns el teu somni Ens encantaria tenir l&#8217;oportunitat de treballar amb tu i ajudar-te a crear la p\u00e8rgola o el tancament perfecte per a les teves necessitats. Contacta amb nosaltres avui mateix i deixa&#8217;ns ser el teu soci de confian\u00e7a en la transformaci\u00f3 dels teus espais a l&#8217;aire lliure! Informaci\u00f3 b\u00e0sica sobre protecci\u00f3 [&hellip;]<\/p>\n","protected":false},"author":2,"featured_media":0,"parent":0,"menu_order":0,"comment_status":"closed","ping_status":"closed","template":"elementor_header_footer","meta":{"footnotes":""},"yoast_head":"<!-- This site is optimized with the Yoast SEO plugin v22.6 - https:\/\/yoast.com\/wordpress\/plugins\/seo\/ -->\n<title>- 2pergola<\/title>\n<meta name=\"robots\" content=\"index, follow, max-snippet:-1, max-image-preview:large, max-video-preview:-1\" \/>\n<link rel=\"canonical\" href=\"https:\/\/2pergola.com\/ca\/contacte\/\" \/>\n<meta property=\"og:locale\" content=\"ca_ES\" \/>\n<meta property=\"og:type\" content=\"article\" \/>\n<meta property=\"og:title\" content=\"- 2pergola\" \/>\n<meta property=\"og:description\" content=\"Contacte. Contacta&#8217;ns Explica&#8217;ns el teu somni Ens encantaria tenir l&#8217;oportunitat de treballar amb tu i ajudar-te a crear la p\u00e8rgola o el tancament perfecte per a les teves necessitats. Contacta amb nosaltres avui mateix i deixa&#8217;ns ser el teu soci de confian\u00e7a en la transformaci\u00f3 dels teus espais a l&#8217;aire lliure! Informaci\u00f3 b\u00e0sica sobre protecci\u00f3 [&hellip;]\" \/>\n<meta property=\"og:url\" content=\"https:\/\/2pergola.com\/ca\/contacte\/\" \/>\n<meta property=\"og:site_name\" content=\"2pergola\" \/>\n<meta property=\"article:modified_time\" content=\"2023-11-13T13:16:01+00:00\" \/>\n<meta name=\"twitter:card\" content=\"summary_large_image\" \/>\n<meta name=\"twitter:label1\" content=\"Temps estimat de lectura\" \/>\n\t<meta name=\"twitter:data1\" content=\"1 minut\" \/>\n<script type=\"application\/ld+json\" class=\"yoast-schema-graph\">{\"@context\":\"https:\/\/schema.org\",\"@graph\":[{\"@type\":\"WebPage\",\"@id\":\"https:\/\/2pergola.com\/ca\/contacte\/\",\"url\":\"https:\/\/2pergola.com\/ca\/contacte\/\",\"name\":\"- 2pergola\",\"isPartOf\":{\"@id\":\"https:\/\/2pergola.com\/#website\"},\"datePublished\":\"2023-11-08T14:51:49+00:00\",\"dateModified\":\"2023-11-13T13:16:01+00:00\",\"breadcrumb\":{\"@id\":\"https:\/\/2pergola.com\/ca\/contacte\/#breadcrumb\"},\"inLanguage\":\"ca\",\"potentialAction\":[{\"@type\":\"ReadAction\",\"target\":[\"https:\/\/2pergola.com\/ca\/contacte\/\"]}]},{\"@type\":\"BreadcrumbList\",\"@id\":\"https:\/\/2pergola.com\/ca\/contacte\/#breadcrumb\",\"itemListElement\":[{\"@type\":\"ListItem\",\"position\":1,\"name\":\"Portada\",\"item\":\"https:\/\/2pergola.com\/ca\/inici\/\"},{\"@type\":\"ListItem\",\"position\":2,\"name\":\"Contacte\"}]},{\"@type\":\"WebSite\",\"@id\":\"https:\/\/2pergola.com\/#website\",\"url\":\"https:\/\/2pergola.com\/\",\"name\":\"2pergola\",\"description\":\"Construcci\u00f3n p\u00e9rgolas en Blanes\",\"publisher\":{\"@id\":\"https:\/\/2pergola.com\/#organization\"},\"potentialAction\":[{\"@type\":\"SearchAction\",\"target\":{\"@type\":\"EntryPoint\",\"urlTemplate\":\"https:\/\/2pergola.com\/?s={search_term_string}\"},\"query-input\":\"required name=search_term_string\"}],\"inLanguage\":\"ca\"},{\"@type\":\"Organization\",\"@id\":\"https:\/\/2pergola.com\/#organization\",\"name\":\"2pergola\",\"url\":\"https:\/\/2pergola.com\/\",\"logo\":{\"@type\":\"ImageObject\",\"inLanguage\":\"ca\",\"@id\":\"https:\/\/2pergola.com\/#\/schema\/logo\/image\/\",\"url\":\"https:\/\/2pergola.com\/wp-content\/uploads\/2023\/11\/2pergola-logo.png\",\"contentUrl\":\"https:\/\/2pergola.com\/wp-content\/uploads\/2023\/11\/2pergola-logo.png\",\"width\":4510,\"height\":1527,\"caption\":\"2pergola\"},\"image\":{\"@id\":\"https:\/\/2pergola.com\/#\/schema\/logo\/image\/\"}}]}<\/script>\n<!-- \/ Yoast SEO plugin. -->","yoast_head_json":{"title":"- 2pergola","robots":{"index":"index","follow":"follow","max-snippet":"max-snippet:-1","max-image-preview":"max-image-preview:large","max-video-preview":"max-video-preview:-1"},"canonical":"https:\/\/2pergola.com\/ca\/contacte\/","og_locale":"ca_ES","og_type":"article","og_title":"- 2pergola","og_description":"Contacte. Contacta&#8217;ns Explica&#8217;ns el teu somni Ens encantaria tenir l&#8217;oportunitat de treballar amb tu i ajudar-te a crear la p\u00e8rgola o el tancament perfecte per a les teves necessitats. Contacta amb nosaltres avui mateix i deixa&#8217;ns ser el teu soci de confian\u00e7a en la transformaci\u00f3 dels teus espais a l&#8217;aire lliure! Informaci\u00f3 b\u00e0sica sobre protecci\u00f3 [&hellip;]","og_url":"https:\/\/2pergola.com\/ca\/contacte\/","og_site_name":"2pergola","article_modified_time":"2023-11-13T13:16:01+00:00","twitter_card":"summary_large_image","twitter_misc":{"Temps estimat de lectura":"1 minut"},"schema":{"@context":"https:\/\/schema.org","@graph":[{"@type":"WebPage","@id":"https:\/\/2pergola.com\/ca\/contacte\/","url":"https:\/\/2pergola.com\/ca\/contacte\/","name":"- 2pergola","isPartOf":{"@id":"https:\/\/2pergola.com\/#website"},"datePublished":"2023-11-08T14:51:49+00:00","dateModified":"2023-11-13T13:16:01+00:00","breadcrumb":{"@id":"https:\/\/2pergola.com\/ca\/contacte\/#breadcrumb"},"inLanguage":"ca","potentialAction":[{"@type":"ReadAction","target":["https:\/\/2pergola.com\/ca\/contacte\/"]}]},{"@type":"BreadcrumbList","@id":"https:\/\/2pergola.com\/ca\/contacte\/#breadcrumb","itemListElement":[{"@type":"ListItem","position":1,"name":"Portada","item":"https:\/\/2pergola.com\/ca\/inici\/"},{"@type":"ListItem","position":2,"name":"Contacte"}]},{"@type":"WebSite","@id":"https:\/\/2pergola.com\/#website","url":"https:\/\/2pergola.com\/","name":"2pergola","description":"Construcci\u00f3n p\u00e9rgolas en Blanes","publisher":{"@id":"https:\/\/2pergola.com\/#organization"},"potentialAction":[{"@type":"SearchAction","target":{"@type":"EntryPoint","urlTemplate":"https:\/\/2pergola.com\/?s={search_term_string}"},"query-input":"required name=search_term_string"}],"inLanguage":"ca"},{"@type":"Organization","@id":"https:\/\/2pergola.com\/#organization","name":"2pergola","url":"https:\/\/2pergola.com\/","logo":{"@type":"ImageObject","inLanguage":"ca","@id":"https:\/\/2pergola.com\/#\/schema\/logo\/image\/","url":"https:\/\/2pergola.com\/wp-content\/uploads\/2023\/11\/2pergola-logo.png","contentUrl":"https:\/\/2pergola.com\/wp-content\/uploads\/2023\/11\/2pergola-logo.png","width":4510,"height":1527,"caption":"2pergola"},"image":{"@id":"https:\/\/2pergola.com\/#\/schema\/logo\/image\/"}}]}},"_links":{"self":[{"href":"https:\/\/2pergola.com\/ca\/wp-json\/wp\/v2\/pages\/595"}],"collection":[{"href":"https:\/\/2pergola.com\/ca\/wp-json\/wp\/v2\/pages"}],"about":[{"href":"https:\/\/2pergola.com\/ca\/wp-json\/wp\/v2\/types\/page"}],"author":[{"embeddable":true,"href":"https:\/\/2pergola.com\/ca\/wp-json\/wp\/v2\/users\/2"}],"replies":[{"embeddable":true,"href":"https:\/\/2pergola.com\/ca\/wp-json\/wp\/v2\/comments?post=595"}],"version-history":[{"count":7,"href":"https:\/\/2pergola.com\/ca\/wp-json\/wp\/v2\/pages\/595\/revisions"}],"predecessor-version":[{"id":602,"href":"https:\/\/2pergola.com\/ca\/wp-json\/wp\/v2\/pages\/595\/revisions\/602"}],"wp:attachment":[{"href":"https:\/\/2pergola.com\/ca\/wp-json\/wp\/v2\/media?parent=595"}],"curies":[{"name":"wp","href":"https:\/\/api.w.org\/{rel}","templated":true}]}}